{"id":98,"date":"2009-04-02T20:14:16","date_gmt":"2009-04-02T19:14:16","guid":{"rendered":"http:\/\/www.libertemh3.fr\/?page_id=98"},"modified":"2026-01-25T16:09:47","modified_gmt":"2026-01-25T15:09:47","slug":"pratique","status":"publish","type":"page","link":"https:\/\/www.libertemh3.fr\/?page_id=98","title":{"rendered":"Pratique"},"content":{"rendered":"<p>Dans cette rubrique, vous trouvez :<\/p>\n<ul>\n<li><span style=\"text-decoration: underline;\"><a href=\"https:\/\/www.libertemh3.fr\/?page_id=3\" target=\"_self\" rel=\"noopener\">les informations sur la loge et les gardiens<\/a><\/span><\/li>\n<li><span style=\"text-decoration: underline;\"><a href=\"https:\/\/www.libertemh3.fr\/?page_id=11\" target=\"_self\" rel=\"noopener\">Les r\u00e8gles concernant le bricolage dans la r\u00e9sidence<\/a><\/span><\/li>\n<li><span style=\"text-decoration: underline;\"><a href=\"https:\/\/www.libertemh3.fr\/?page_id=21\" target=\"_self\" rel=\"noopener\">Les dates des encombrants et infos sur la d\u00e9chetterie<\/a><\/span><\/li>\n<li><span style=\"text-decoration: underline;\"><a href=\"https:\/\/www.libertemh3.fr\/?page_id=8\" target=\"_self\" rel=\"noopener\">Les canaux pour r\u00e9gler votre tv raccord\u00e9e \u00e0 l&#8217;antenne collective<\/a><\/span><\/li>\n<li><span style=\"text-decoration: underline;\"><a href=\"https:\/\/www.libertemh3.fr\/?page_id=61\" target=\"_self\" rel=\"noopener\">Le plan d\u2019acc\u00e8s de l&#8217;immeuble<\/a><br \/>\n<\/span><\/li>\n<\/ul>\n<p><strong>Le livret pratique MH3 :<\/strong><\/p>\n<p>Ce livret regroupe toutes les informations utiles de l&#8217;immeuble :<\/p>\n<p>La loge, que faire en cas de probl\u00e8me, le fonctionnement de l&#8217;immeuble et les r\u00e8glements.<\/p>\n<p>Vous pouvez le t\u00e9l\u00e9charger <a href=\"https:\/\/www.libertemh3.fr\/wp-content\/uploads\/2026\/01\/Livret-MH3-Decembre-2025.pdf\"><strong>ici<\/strong><\/a>. ( Version FR &#8211; PDF)<\/p>\n<p>Or in english <strong><a href=\"https:\/\/www.libertemh3.fr\/wp-content\/uploads\/2026\/01\/Livret-MH3-2025-Version-Anglais.pdf\">here<\/a> <\/strong>(PDF)<\/p>\n<p>&nbsp;<\/p>\n<p>A venir :<\/p>\n<ul>\n<li>Les documents pour demander l&#8217;autorisation de travaux lourds (loggia, volets roulants&#8230;), les r\u00e9f\u00e9rences de la peinture rouge des fen\u00eatres.<\/li>\n<\/ul>\n","protected":false},"excerpt":{"rendered":"<p>Dans cette rubrique, vous trouvez : les informations sur la loge et les gardiens Les r\u00e8gles concernant le bricolage dans la r\u00e9sidence Les dates des encombrants et infos sur la d\u00e9chetterie Les canaux pour r\u00e9gler votre tv raccord\u00e9e \u00e0 l&#8217;antenne &hellip; <a href=\"https:\/\/www.libertemh3.fr\/?page_id=98\">Continuer la lecture <span class=\"meta-nav\">&rarr;<\/span><\/a><\/p>\n","protected":false},"author":1,"featured_media":0,"parent":0,"menu_order":2,"comment_status":"closed","ping_status":"closed","template":"","meta":{"om_disable_all_campaigns":false,"_monsterinsights_skip_tracking":false,"_monsterinsights_sitenote_active":false,"_monsterinsights_sitenote_note":"","_monsterinsights_sitenote_category":0,"_uf_show_specific_survey":0,"_uf_disable_surveys":false,"ngg_post_thumbnail":0,"footnotes":""},"class_list":["post-98","page","type-page","status-publish","hentry"],"aioseo_notices":[],"_links":{"self":[{"href":"https:\/\/www.libertemh3.fr\/index.php?rest_route=\/wp\/v2\/pages\/98","targetHints":{"allow":["GET"]}}],"collection":[{"href":"https:\/\/www.libertemh3.fr\/index.php?rest_route=\/wp\/v2\/pages"}],"about":[{"href":"https:\/\/www.libertemh3.fr\/index.php?rest_route=\/wp\/v2\/types\/page"}],"author":[{"embeddable":true,"href":"https:\/\/www.libertemh3.fr\/index.php?rest_route=\/wp\/v2\/users\/1"}],"replies":[{"embeddable":true,"href":"https:\/\/www.libertemh3.fr\/index.php?rest_route=%2Fwp%2Fv2%2Fcomments&post=98"}],"version-history":[{"count":23,"href":"https:\/\/www.libertemh3.fr\/index.php?rest_route=\/wp\/v2\/pages\/98\/revisions"}],"predecessor-version":[{"id":2796,"href":"https:\/\/www.libertemh3.fr\/index.php?rest_route=\/wp\/v2\/pages\/98\/revisions\/2796"}],"wp:attachment":[{"href":"https:\/\/www.libertemh3.fr\/index.php?rest_route=%2Fwp%2Fv2%2Fmedia&parent=98"}],"curies":[{"name":"wp","href":"https:\/\/api.w.org\/{rel}","templated":true}]}}