{"id":848,"date":"2011-02-20T15:29:57","date_gmt":"2011-02-20T14:29:57","guid":{"rendered":"http:\/\/www.libertemh3.fr\/?page_id=848"},"modified":"2017-02-05T21:00:58","modified_gmt":"2017-02-05T20:00:58","slug":"chauffage","status":"publish","type":"page","link":"https:\/\/www.libertemh3.fr\/?page_id=848","title":{"rendered":"CHAUFFAGE"},"content":{"rendered":"<h2>20\/02\/2013 &#8211; Audit \u00e9nerg\u00e9tique :<\/h2>\n<p>Un questionnaire a \u00e9t\u00e9 distribu\u00e9 dans les boites \u00e0 lettre.<\/p>\n<p>Ce document servira de base pour comprendre le ressenti des r\u00e9sidents de l&#8217;immeuble.<\/p>\n<p>Questionnaire <a href=\"https:\/\/www.libertemh3.fr\/wp-content\/uploads\/2014\/08\/Questionnaire-audit-energetique-2013.pdf\" target=\"_blank\">ici<\/a> (pdf &#8211; 273Ko)<\/p>\n<p>Courrier d&#8217;accompagnement <a href=\"https:\/\/www.libertemh3.fr\/wp-content\/uploads\/2013\/02\/Courrier-Questionnaire-Audit.pdf\" target=\"_blank\">ici<\/a> (pdf &#8211; 494Ko)<\/p>\n<hr \/>\n<p><strong>01\/12\/2012<\/strong> : note &#8220;chauffage : jouons le collectif !&#8221; <a href=\"https:\/\/www.libertemh3.fr\/wp-content\/uploads\/2012\/12\/Note-info-Chauffage-Jouons-la-collectif.pdf\" target=\"_blank\">ici<\/a> (PDF &#8211; 160ko)<\/p>\n<hr \/>\n<p>Dossier 2 pages du bilan du chauffage 2010 vs 2009 :\u00a0 <a href=\"https:\/\/www.libertemh3.fr\/wp-content\/uploads\/2011\/02\/2011-02-11-Note-info-n\u00b01-Chauffage.pdf\" target=\"_blank\">ici<\/a> (PDF-135ko)<\/p>\n<p>Causes de d\u00e9perditions de chaleur :<\/p>\n<ul>\n<li>cas n\u00b0 1 : D\u00e9perdition de chaleur par les fen\u00eatres. <a href=\"https:\/\/www.libertemh3.fr\/wp-content\/uploads\/2011\/02\/DEPERDITION-CHALEUR-01.pdf\" target=\"_blank\">ici<\/a> (PDF &#8211; 487ko)<\/li>\n<li>cas n\u00b0 2 : D\u00e9perdition de chaleur par le b\u00e2ti des fen\u00eatres. <a href=\"https:\/\/www.libertemh3.fr\/wp-content\/uploads\/2011\/02\/DEPERDITION-CHALEUR-02.pdf\" target=\"_blank\">ici<\/a> (PDF &#8211; 134ko)<\/li>\n<li>cas n\u00b0 3 : D\u00e9perdition de chaleur par le coffrage volets. <a href=\"https:\/\/www.libertemh3.fr\/wp-content\/uploads\/2011\/02\/DEPERDITION-CHALEUR-03.pdf\" target=\"_blank\">ici<\/a> (PDF &#8211; 106ko)<\/li>\n<\/ul>\n<div>\n<h2><strong>R\u00e9unions d\u2019information &#8211; pr\u00e9sentation vid\u00e9o (salle de l\u2019ACRI) : <\/strong><\/h2>\n<ul>\n<li><strong> le Mercredi 27 Avril<\/strong> : 1\u00e8re <strong>s\u00e9ance <\/strong>\u00e0 19h00 \/ 2\u00e8me <strong>s\u00e9ance <\/strong>\u00e0 20h00<\/li>\n<li>le Samedi 14 Mai : 1\u00e8re <strong>s\u00e9ance <\/strong>\u00e0 10h30 \/ 2\u00e8me <strong>s\u00e9ance <\/strong>\u00e0 11h30<\/li>\n<\/ul>\n<\/div>\n<p><a href=\"https:\/\/www.libertemh3.fr\/wp-content\/uploads\/2011\/02\/CHAUFFAGE-1-SUR-3.jpg\"><img loading=\"lazy\" decoding=\"async\" class=\"alignnone size-full wp-image-849\" title=\"CHAUFFAGE 1 SUR 3\" alt=\"\" src=\"https:\/\/www.libertemh3.fr\/wp-content\/uploads\/2011\/02\/CHAUFFAGE-1-SUR-3.jpg\" width=\"692\" height=\"353\" srcset=\"https:\/\/www.libertemh3.fr\/wp-content\/uploads\/2011\/02\/CHAUFFAGE-1-SUR-3.jpg 692w, https:\/\/www.libertemh3.fr\/wp-content\/uploads\/2011\/02\/CHAUFFAGE-1-SUR-3-300x153.jpg 300w\" sizes=\"auto, (max-width: 692px) 100vw, 692px\" \/><\/a><\/p>\n<p><a href=\"https:\/\/www.libertemh3.fr\/wp-content\/uploads\/2011\/02\/CHAUFFAGE-2-SUR-3.jpg\"><img loading=\"lazy\" decoding=\"async\" class=\"alignnone size-full wp-image-850\" title=\"CHAUFFAGE 2 SUR 3\" alt=\"\" src=\"https:\/\/www.libertemh3.fr\/wp-content\/uploads\/2011\/02\/CHAUFFAGE-2-SUR-3.jpg\" width=\"698\" height=\"292\" srcset=\"https:\/\/www.libertemh3.fr\/wp-content\/uploads\/2011\/02\/CHAUFFAGE-2-SUR-3.jpg 698w, https:\/\/www.libertemh3.fr\/wp-content\/uploads\/2011\/02\/CHAUFFAGE-2-SUR-3-300x125.jpg 300w\" sizes=\"auto, (max-width: 698px) 100vw, 698px\" \/><\/a><\/p>\n<p><a href=\"https:\/\/www.libertemh3.fr\/wp-content\/uploads\/2011\/02\/CHAUFFAGE-3-SUR-3.jpg\"><img loading=\"lazy\" decoding=\"async\" class=\"alignnone size-full wp-image-851\" title=\"CHAUFFAGE 3 SUR 3\" alt=\"\" src=\"https:\/\/www.libertemh3.fr\/wp-content\/uploads\/2011\/02\/CHAUFFAGE-3-SUR-3.jpg\" width=\"702\" height=\"230\" srcset=\"https:\/\/www.libertemh3.fr\/wp-content\/uploads\/2011\/02\/CHAUFFAGE-3-SUR-3.jpg 702w, https:\/\/www.libertemh3.fr\/wp-content\/uploads\/2011\/02\/CHAUFFAGE-3-SUR-3-300x98.jpg 300w\" sizes=\"auto, (max-width: 702px) 100vw, 702px\" \/><\/a><\/p>\n<p>&nbsp;<\/p>\n<h1><strong>R\u00e9duire la consommation, l\u2019affaire de tous <\/strong><\/h1>\n<div>\n<p>&nbsp;<\/p>\n<div><em>1<\/em><em>\u00b0<\/em><em> en moins, c\u2019est 2% d\u2019\u00e9conomie sur la facture<\/em><\/div>\n<div>\n<p>&nbsp;<\/p>\n<div>\n<h2><strong>Ce qui a d\u00e9j\u00e0 \u00e9t\u00e9 fait : <\/strong><\/h2>\n<div>\n<p>&nbsp;<\/p>\n<div>\n<ul>\n<li>R\u00e9glage et \u00e9quilibrage des colonnes de chauffage<\/li>\n<li>R\u00e9fection de l\u2019isolation des terrasses d\u00e9fectueuses<\/li>\n<li>Diagnostic de l\u2019installation de chauffage<\/li>\n<li>\u00c9tude thermographique :<\/li>\n<li>baies vitr\u00e9es et ouvrants cause majeure des d\u00e9perditions de chaleur<\/li>\n<\/ul>\n<\/div>\n<div>\n<p>&nbsp;<\/p>\n<div>\n<h2><strong>Ce que chacun peut faire aujourd\u2019hui : <\/strong><\/h2>\n<div>\n<p>&nbsp;<\/p>\n<div>\n<ul>\n<li>Remplacer les joints des ouvrants<\/li>\n<li>Isoler les coffres \u00e0 volets <em>(si ils existent)<\/em><\/li>\n<li>Fermer les volets ou les doubles rideaux la nuit<\/li>\n<li>Si il fait trop chaud dans l\u2019appartement :<\/li>\n<li>Fermer le radiateur plut\u00f4t que d\u2019ouvrir les fen\u00eatres<\/li>\n<li>Le signaler \u00e0 loge pour un r\u00e9glage du radiateur<\/li>\n<\/ul>\n<\/div>\n<\/div>\n<\/div>\n<\/div>\n<\/div>\n<div>\n<p>&nbsp;<\/p>\n<div><em>Les petits ruisseaux font les grandes rivi\u00e8res<\/em><\/div>\n<div>\n<p>&nbsp;<\/p>\n<div>\n<h2><strong>Et pour demain, le Conseil Syndical met en \u0153uvre : <\/strong><\/h2>\n<div>\n<p>&nbsp;<\/p>\n<div>\n<ul>\n<li>Programme d\u2019optimisation et de r\u00e9novation de l\u2019installation<\/li>\n<li>N\u00e9gociation pour un contrat d\u2019int\u00e9ressement du mainteneur<\/li>\n<li>sur les \u00e9conomies<\/li>\n<li>Plan de gestion du degr\u00e9 d\u2019entr\u00e9e du fluide chaud<\/li>\n<li>\u00c9tude sur un programme d\u2019am\u00e9lioration de l\u2019isolation<\/li>\n<li>\u00c9tude sur un syst\u00e8me de compteurs individuels<\/li>\n<\/ul>\n<\/div>\n<\/div>\n<\/div>\n<\/div>\n<div><strong><br \/>\n<\/strong><\/div>\n<\/div>\n<\/div>\n<\/div>\n<\/div>\n<p><img decoding=\"async\" alt=\"\" src=\"file:\/\/\/C:\/DOCUME%7E1\/fred\/LOCALS%7E1\/Temp\/moz-screenshot.png\" \/><\/p>\n","protected":false},"excerpt":{"rendered":"<p>20\/02\/2013 &#8211; Audit \u00e9nerg\u00e9tique : Un questionnaire a \u00e9t\u00e9 distribu\u00e9 dans les boites \u00e0 lettre. Ce document servira de base pour comprendre le ressenti des r\u00e9sidents de l&#8217;immeuble. Questionnaire ici (pdf &#8211; 273Ko) Courrier d&#8217;accompagnement ici (pdf &#8211; 494Ko) 01\/12\/2012 &hellip; <a href=\"https:\/\/www.libertemh3.fr\/?page_id=848\">Continuer la lecture <span class=\"meta-nav\">&rarr;<\/span><\/a><\/p>\n","protected":false},"author":1,"featured_media":0,"parent":0,"menu_order":4,"comment_status":"open","ping_status":"closed","template":"","meta":{"om_disable_all_campaigns":false,"_monsterinsights_skip_tracking":false,"_monsterinsights_sitenote_active":false,"_monsterinsights_sitenote_note":"","_monsterinsights_sitenote_category":0,"_uf_show_specific_survey":0,"_uf_disable_surveys":false,"ngg_post_thumbnail":0,"footnotes":""},"class_list":["post-848","page","type-page","status-publish","hentry"],"aioseo_notices":[],"_links":{"self":[{"href":"https:\/\/www.libertemh3.fr\/index.php?rest_route=\/wp\/v2\/pages\/848","targetHints":{"allow":["GET"]}}],"collection":[{"href":"https:\/\/www.libertemh3.fr\/index.php?rest_route=\/wp\/v2\/pages"}],"about":[{"href":"https:\/\/www.libertemh3.fr\/index.php?rest_route=\/wp\/v2\/types\/page"}],"author":[{"embeddable":true,"href":"https:\/\/www.libertemh3.fr\/index.php?rest_route=\/wp\/v2\/users\/1"}],"replies":[{"embeddable":true,"href":"https:\/\/www.libertemh3.fr\/index.php?rest_route=%2Fwp%2Fv2%2Fcomments&post=848"}],"version-history":[{"count":20,"href":"https:\/\/www.libertemh3.fr\/index.php?rest_route=\/wp\/v2\/pages\/848\/revisions"}],"predecessor-version":[{"id":1437,"href":"https:\/\/www.libertemh3.fr\/index.php?rest_route=\/wp\/v2\/pages\/848\/revisions\/1437"}],"wp:attachment":[{"href":"https:\/\/www.libertemh3.fr\/index.php?rest_route=%2Fwp%2Fv2%2Fmedia&parent=848"}],"curies":[{"name":"wp","href":"https:\/\/api.w.org\/{rel}","templated":true}]}}