{"id":8,"date":"2009-03-09T21:50:36","date_gmt":"2009-03-09T20:50:36","guid":{"rendered":"http:\/\/www.libertemh3.fr\/?page_id=8"},"modified":"2017-08-08T10:30:07","modified_gmt":"2017-08-08T09:30:07","slug":"tv-tnt","status":"publish","type":"page","link":"https:\/\/www.libertemh3.fr\/?page_id=8","title":{"rendered":"TV &#8211; TNT"},"content":{"rendered":"<p style=\"text-align: justify;\">L&#8217;antenne collective de l&#8217;immeuble distribue la TNT dans les logements.<\/p>\n<p style=\"text-align: justify;\">En vous raccordant \u00e0 la prise murale de votre logement vous pourrez retrouver les chaines diffus\u00e9es par la TNT.<\/p>\n<p style=\"text-align: justify;\">En lan\u00e7ant la<strong> recherche automatique<\/strong> vous retrouverez toutes les chaines.<\/p>\n<p style=\"text-align: justify;\">NB : les fr\u00e9quences utilis\u00e9es par l&#8217;antenne collective ne sont pas les m\u00eame que celles utilis\u00e9es par les \u00e9metteurs de la tour Eiffel et Sannois pour \u00e9viter des interf\u00e9rences.<\/p>\n<p style=\"text-align: justify;\">Besoin d&#8217;infos sur la TNT ?\u00a0\u00a0 <strong><a href=\"http:\/\/www.tousaunumerique.fr\/\" target=\"_blank\">http:\/\/www.tousaunumerique.fr<\/a><\/strong><\/p>\n","protected":false},"excerpt":{"rendered":"<p>L&#8217;antenne collective de l&#8217;immeuble distribue la TNT dans les logements. En vous raccordant \u00e0 la prise murale de votre logement vous pourrez retrouver les chaines diffus\u00e9es par la TNT. En lan\u00e7ant la recherche automatique vous retrouverez toutes les chaines. NB &hellip; <a href=\"https:\/\/www.libertemh3.fr\/?page_id=8\">Continuer la lecture <span class=\"meta-nav\">&rarr;<\/span><\/a><\/p>\n","protected":false},"author":1,"featured_media":0,"parent":98,"menu_order":6,"comment_status":"closed","ping_status":"closed","template":"","meta":{"om_disable_all_campaigns":false,"_monsterinsights_skip_tracking":false,"_monsterinsights_sitenote_active":false,"_monsterinsights_sitenote_note":"","_monsterinsights_sitenote_category":0,"_uf_show_specific_survey":0,"_uf_disable_surveys":false,"ngg_post_thumbnail":0,"footnotes":""},"class_list":["post-8","page","type-page","status-publish","hentry"],"aioseo_notices":[],"_links":{"self":[{"href":"https:\/\/www.libertemh3.fr\/index.php?rest_route=\/wp\/v2\/pages\/8","targetHints":{"allow":["GET"]}}],"collection":[{"href":"https:\/\/www.libertemh3.fr\/index.php?rest_route=\/wp\/v2\/pages"}],"about":[{"href":"https:\/\/www.libertemh3.fr\/index.php?rest_route=\/wp\/v2\/types\/page"}],"author":[{"embeddable":true,"href":"https:\/\/www.libertemh3.fr\/index.php?rest_route=\/wp\/v2\/users\/1"}],"replies":[{"embeddable":true,"href":"https:\/\/www.libertemh3.fr\/index.php?rest_route=%2Fwp%2Fv2%2Fcomments&post=8"}],"version-history":[{"count":8,"href":"https:\/\/www.libertemh3.fr\/index.php?rest_route=\/wp\/v2\/pages\/8\/revisions"}],"predecessor-version":[{"id":10,"href":"https:\/\/www.libertemh3.fr\/index.php?rest_route=\/wp\/v2\/pages\/8\/revisions\/10"}],"up":[{"embeddable":true,"href":"https:\/\/www.libertemh3.fr\/index.php?rest_route=\/wp\/v2\/pages\/98"}],"wp:attachment":[{"href":"https:\/\/www.libertemh3.fr\/index.php?rest_route=%2Fwp%2Fv2%2Fmedia&parent=8"}],"curies":[{"name":"wp","href":"https:\/\/api.w.org\/{rel}","templated":true}]}}