{"id":398,"date":"2009-11-22T22:19:44","date_gmt":"2009-11-22T21:19:44","guid":{"rendered":"http:\/\/www.libertemh3.fr\/?page_id=398"},"modified":"2017-02-05T21:00:39","modified_gmt":"2017-02-05T20:00:39","slug":"ascenseurs","status":"publish","type":"page","link":"https:\/\/www.libertemh3.fr\/?page_id=398","title":{"rendered":"ASCENSEURS"},"content":{"rendered":"<h1>Les nouveaux ascenseurs :<\/h1>\n<p>Quoi\u00a0 de <strong>neuf <\/strong>?<\/p>\n<ul>\n<li><strong>Afficheurs<\/strong> \u00e0 chaque \u00e9tage du <strong>sens<\/strong> de d\u00e9part de l\u2019ascenseur et de l\u2019\u00e9tage <strong>o\u00f9<\/strong> il se situe. <a href=\"https:\/\/www.libertemh3.fr\/wp-content\/uploads\/2009\/11\/afficheur-etage-otis.jpg\"><img loading=\"lazy\" decoding=\"async\" class=\"size-full wp-image-712 alignnone\" title=\"afficheur etage otis\" src=\"https:\/\/www.libertemh3.fr\/wp-content\/uploads\/2009\/11\/afficheur-etage-otis.jpg\" alt=\"\" width=\"36\" height=\"19\" \/><\/a><\/li>\n<\/ul>\n<ul>\n<li>Bouton d\u2019acc\u00e8s <strong>sp\u00e9cifique<\/strong> au <strong>parking<\/strong> (uniquement au 28, 36,38)<\/li>\n<\/ul>\n<ul>\n<li><strong>S\u00e9curit\u00e9<\/strong> porte\u00a0: d\u00e9tection <span style=\"text-decoration: underline;\">sur toute la hauteur<\/span> d\u2019un obstacle, plus besoin d\u2019une pression contre la porte pour bloquer la porte. Explication bient\u00f4t ici<\/li>\n<\/ul>\n<ul>\n<li><strong>Habillage<\/strong> des cabines\u00a0: plus r\u00e9sistant, plus moderne.<\/li>\n<\/ul>\n<ul>\n<li><strong>Conformit\u00e9<\/strong> <strong>normes handicap\u00e9s<\/strong> (hauteur boutons, annonce sonore).<\/li>\n<\/ul>\n<ul>\n<li><strong>Motorisation<\/strong> : plus silencieuse, moindre consommation.<\/li>\n<\/ul>\n<ul>\n<li><strong>Affichage<\/strong> commun Acri \/ Conseil syndical \/ R\u00e9gisseur.<\/li>\n<\/ul>\n<p><a href=\"https:\/\/www.libertemh3.fr\/wp-content\/uploads\/2010\/07\/PHOTOS-ascenseur-28-004.jpg\"><img loading=\"lazy\" decoding=\"async\" class=\"alignnone size-medium wp-image-705\" title=\"PHOTOS ascenseur - 28 004\" src=\"https:\/\/www.libertemh3.fr\/wp-content\/uploads\/2010\/07\/PHOTOS-ascenseur-28-004-225x300.jpg\" alt=\"\" width=\"225\" height=\"300\" srcset=\"https:\/\/www.libertemh3.fr\/wp-content\/uploads\/2010\/07\/PHOTOS-ascenseur-28-004-225x300.jpg 225w, https:\/\/www.libertemh3.fr\/wp-content\/uploads\/2010\/07\/PHOTOS-ascenseur-28-004.jpg 576w\" sizes=\"auto, (max-width: 225px) 100vw, 225px\" \/><\/a> <a href=\"https:\/\/www.libertemh3.fr\/wp-content\/uploads\/2010\/07\/PHOTOS-ascenseur-28-003.jpg\"><img loading=\"lazy\" decoding=\"async\" class=\"alignnone size-medium wp-image-704\" title=\"PHOTOS ascenseur - 28 003\" src=\"https:\/\/www.libertemh3.fr\/wp-content\/uploads\/2010\/07\/PHOTOS-ascenseur-28-003-225x300.jpg\" alt=\"\" width=\"225\" height=\"300\" srcset=\"https:\/\/www.libertemh3.fr\/wp-content\/uploads\/2010\/07\/PHOTOS-ascenseur-28-003-225x300.jpg 225w, https:\/\/www.libertemh3.fr\/wp-content\/uploads\/2010\/07\/PHOTOS-ascenseur-28-003.jpg 576w\" sizes=\"auto, (max-width: 225px) 100vw, 225px\" \/><\/a> <a href=\"https:\/\/www.libertemh3.fr\/wp-content\/uploads\/2010\/07\/PHOTOS-ascenseur-28-002.jpg\"><img loading=\"lazy\" decoding=\"async\" class=\"alignnone size-medium wp-image-703\" title=\"PHOTOS ascenseur - 28 002\" src=\"https:\/\/www.libertemh3.fr\/wp-content\/uploads\/2010\/07\/PHOTOS-ascenseur-28-002-225x300.jpg\" alt=\"\" width=\"225\" height=\"300\" srcset=\"https:\/\/www.libertemh3.fr\/wp-content\/uploads\/2010\/07\/PHOTOS-ascenseur-28-002-225x300.jpg 225w, https:\/\/www.libertemh3.fr\/wp-content\/uploads\/2010\/07\/PHOTOS-ascenseur-28-002.jpg 576w\" sizes=\"auto, (max-width: 225px) 100vw, 225px\" \/><\/a> <a href=\"https:\/\/www.libertemh3.fr\/wp-content\/uploads\/2010\/07\/PHOTOS-ascenseur-28-001.jpg\"><img loading=\"lazy\" decoding=\"async\" class=\"alignnone size-medium wp-image-702\" title=\"PHOTOS ascenseur - 28 001\" src=\"https:\/\/www.libertemh3.fr\/wp-content\/uploads\/2010\/07\/PHOTOS-ascenseur-28-001-225x300.jpg\" alt=\"\" width=\"225\" height=\"300\" srcset=\"https:\/\/www.libertemh3.fr\/wp-content\/uploads\/2010\/07\/PHOTOS-ascenseur-28-001-225x300.jpg 225w, https:\/\/www.libertemh3.fr\/wp-content\/uploads\/2010\/07\/PHOTOS-ascenseur-28-001.jpg 576w\" sizes=\"auto, (max-width: 225px) 100vw, 225px\" \/><\/a><\/p>\n<hr \/>\n<ul>\n<li><strong>Page d&#8217;information pour l&#8217;AGE 2009<\/strong> ici (format PDF)<\/li>\n<\/ul>\n<ul>\n<li><strong>Dossier d&#8217;informations ascenseurs AGE 2009 <a href=\"https:\/\/www.libertemh3.fr\/wp-content\/uploads\/2009\/11\/Dossier-ascenseurs-Libert\u00e9-mh3.pdf\"><span style=\"text-decoration: underline;\"><span style=\"color: #0000ff;\">ici<\/span><\/span><\/a> <\/strong>(format PDF)<\/li>\n<\/ul>\n","protected":false},"excerpt":{"rendered":"<p>Les nouveaux ascenseurs : Quoi\u00a0 de neuf ? Afficheurs \u00e0 chaque \u00e9tage du sens de d\u00e9part de l\u2019ascenseur et de l\u2019\u00e9tage o\u00f9 il se situe. Bouton d\u2019acc\u00e8s sp\u00e9cifique au parking (uniquement au 28, 36,38) S\u00e9curit\u00e9 porte\u00a0: d\u00e9tection sur toute la &hellip; <a href=\"https:\/\/www.libertemh3.fr\/?page_id=398\">Continuer la lecture <span class=\"meta-nav\">&rarr;<\/span><\/a><\/p>\n","protected":false},"author":1,"featured_media":0,"parent":0,"menu_order":7,"comment_status":"closed","ping_status":"closed","template":"","meta":{"om_disable_all_campaigns":false,"_monsterinsights_skip_tracking":false,"_monsterinsights_sitenote_active":false,"_monsterinsights_sitenote_note":"","_monsterinsights_sitenote_category":0,"_uf_show_specific_survey":0,"_uf_disable_surveys":false,"ngg_post_thumbnail":0,"footnotes":""},"class_list":["post-398","page","type-page","status-publish","hentry"],"aioseo_notices":[],"_links":{"self":[{"href":"https:\/\/www.libertemh3.fr\/index.php?rest_route=\/wp\/v2\/pages\/398","targetHints":{"allow":["GET"]}}],"collection":[{"href":"https:\/\/www.libertemh3.fr\/index.php?rest_route=\/wp\/v2\/pages"}],"about":[{"href":"https:\/\/www.libertemh3.fr\/index.php?rest_route=\/wp\/v2\/types\/page"}],"author":[{"embeddable":true,"href":"https:\/\/www.libertemh3.fr\/index.php?rest_route=\/wp\/v2\/users\/1"}],"replies":[{"embeddable":true,"href":"https:\/\/www.libertemh3.fr\/index.php?rest_route=%2Fwp%2Fv2%2Fcomments&post=398"}],"version-history":[{"count":24,"href":"https:\/\/www.libertemh3.fr\/index.php?rest_route=\/wp\/v2\/pages\/398\/revisions"}],"predecessor-version":[{"id":409,"href":"https:\/\/www.libertemh3.fr\/index.php?rest_route=\/wp\/v2\/pages\/398\/revisions\/409"}],"wp:attachment":[{"href":"https:\/\/www.libertemh3.fr\/index.php?rest_route=%2Fwp%2Fv2%2Fmedia&parent=398"}],"curies":[{"name":"wp","href":"https:\/\/api.w.org\/{rel}","templated":true}]}}