{"id":3,"date":"2009-03-09T21:21:52","date_gmt":"2009-03-09T20:21:52","guid":{"rendered":"http:\/\/www.libertemh3.fr\/?page_id=3"},"modified":"2025-01-07T18:31:28","modified_gmt":"2025-01-07T17:31:28","slug":"les-gardiens-la-loge","status":"publish","type":"page","link":"https:\/\/www.libertemh3.fr\/?page_id=3","title":{"rendered":"La LOGE"},"content":{"rendered":"<h3>Personnel :<\/h3>\n<p>&#8211;&nbsp; 2 agents Administratifs \u00e0 la loge<\/p>\n<p>La loge est situ\u00e9e sur la galerie pi\u00e9tonne, \u00e0 l\u2019entr\u00e9e de l\u2019immeuble au n\u00b028.<\/p>\n<h3>Horaires de la loge :<\/h3>\n<p><!-- Post Body Copy --><\/p>\n<div class=\"post-bodycopy clearfix\">\n<div class=\"post-bodycopy clearfix\">\n<p>Les horaires de la loge :<br \/>\n<strong>Du lundi au Vendredi<\/strong> : 7h30 &#8211; 12h30&nbsp; &amp; 14h00 &#8211; 19h00<\/p>\n<p>Tel : 01.47.21.05.62<\/p>\n<p>Num\u00e9ro d&#8217;astreinte (heures ouvrables uniquement : 06 32 52 53 21 )<\/p>\n<\/div>\n<\/div>\n","protected":false},"excerpt":{"rendered":"<p>Personnel : &#8211;&nbsp; 2 agents Administratifs \u00e0 la loge La loge est situ\u00e9e sur la galerie pi\u00e9tonne, \u00e0 l\u2019entr\u00e9e de l\u2019immeuble au n\u00b028. Horaires de la loge : Les horaires de la loge : Du lundi au Vendredi : 7h30 &hellip; <a href=\"https:\/\/www.libertemh3.fr\/?page_id=3\">Continuer la lecture <span class=\"meta-nav\">&rarr;<\/span><\/a><\/p>\n","protected":false},"author":1,"featured_media":0,"parent":98,"menu_order":0,"comment_status":"closed","ping_status":"closed","template":"","meta":{"om_disable_all_campaigns":false,"_monsterinsights_skip_tracking":false,"_monsterinsights_sitenote_active":false,"_monsterinsights_sitenote_note":"","_monsterinsights_sitenote_category":0,"_uf_show_specific_survey":0,"_uf_disable_surveys":false,"ngg_post_thumbnail":0,"footnotes":""},"class_list":["post-3","page","type-page","status-publish","hentry"],"aioseo_notices":[],"_links":{"self":[{"href":"https:\/\/www.libertemh3.fr\/index.php?rest_route=\/wp\/v2\/pages\/3","targetHints":{"allow":["GET"]}}],"collection":[{"href":"https:\/\/www.libertemh3.fr\/index.php?rest_route=\/wp\/v2\/pages"}],"about":[{"href":"https:\/\/www.libertemh3.fr\/index.php?rest_route=\/wp\/v2\/types\/page"}],"author":[{"embeddable":true,"href":"https:\/\/www.libertemh3.fr\/index.php?rest_route=\/wp\/v2\/users\/1"}],"replies":[{"embeddable":true,"href":"https:\/\/www.libertemh3.fr\/index.php?rest_route=%2Fwp%2Fv2%2Fcomments&post=3"}],"version-history":[{"count":12,"href":"https:\/\/www.libertemh3.fr\/index.php?rest_route=\/wp\/v2\/pages\/3\/revisions"}],"predecessor-version":[{"id":2720,"href":"https:\/\/www.libertemh3.fr\/index.php?rest_route=\/wp\/v2\/pages\/3\/revisions\/2720"}],"up":[{"embeddable":true,"href":"https:\/\/www.libertemh3.fr\/index.php?rest_route=\/wp\/v2\/pages\/98"}],"wp:attachment":[{"href":"https:\/\/www.libertemh3.fr\/index.php?rest_route=%2Fwp%2Fv2%2Fmedia&parent=3"}],"curies":[{"name":"wp","href":"https:\/\/api.w.org\/{rel}","templated":true}]}}