{"id":2216,"date":"2019-01-15T22:40:39","date_gmt":"2019-01-15T21:40:39","guid":{"rendered":"http:\/\/www.libertemh3.fr\/?page_id=2216"},"modified":"2019-01-15T22:40:39","modified_gmt":"2019-01-15T21:40:39","slug":"eau-compteur-entretien","status":"publish","type":"page","link":"https:\/\/www.libertemh3.fr\/?page_id=2216","title":{"rendered":"Eau &#8211; compteur, entretien"},"content":{"rendered":"<p>Le relev\u00e9 des compteurs d&#8217;eau chaude est fait une fois par an.<\/p>\n<p>Vous devez laisser l&#8217;acc\u00e8s \u00e0 votre logement ou \u00eatre pr\u00e9sent.<\/p>\n<p>En cas d&#8217;absence, vous serez factur\u00e9s d&#8217;un forfait correspondant \u00e0 votre logement (d\u00e9cision d&#8217;AG).<\/p>\n","protected":false},"excerpt":{"rendered":"<p>Le relev\u00e9 des compteurs d&#8217;eau chaude est fait une fois par an. Vous devez laisser l&#8217;acc\u00e8s \u00e0 votre logement ou \u00eatre pr\u00e9sent. En cas d&#8217;absence, vous serez factur\u00e9s d&#8217;un forfait correspondant \u00e0 votre logement (d\u00e9cision d&#8217;AG).<\/p>\n","protected":false},"author":1,"featured_media":0,"parent":98,"menu_order":0,"comment_status":"closed","ping_status":"closed","template":"","meta":{"om_disable_all_campaigns":false,"_monsterinsights_skip_tracking":false,"_monsterinsights_sitenote_active":false,"_monsterinsights_sitenote_note":"","_monsterinsights_sitenote_category":0,"_uf_show_specific_survey":0,"_uf_disable_surveys":false,"ngg_post_thumbnail":0,"footnotes":""},"class_list":["post-2216","page","type-page","status-publish","hentry"],"aioseo_notices":[],"_links":{"self":[{"href":"https:\/\/www.libertemh3.fr\/index.php?rest_route=\/wp\/v2\/pages\/2216","targetHints":{"allow":["GET"]}}],"collection":[{"href":"https:\/\/www.libertemh3.fr\/index.php?rest_route=\/wp\/v2\/pages"}],"about":[{"href":"https:\/\/www.libertemh3.fr\/index.php?rest_route=\/wp\/v2\/types\/page"}],"author":[{"embeddable":true,"href":"https:\/\/www.libertemh3.fr\/index.php?rest_route=\/wp\/v2\/users\/1"}],"replies":[{"embeddable":true,"href":"https:\/\/www.libertemh3.fr\/index.php?rest_route=%2Fwp%2Fv2%2Fcomments&post=2216"}],"version-history":[{"count":1,"href":"https:\/\/www.libertemh3.fr\/index.php?rest_route=\/wp\/v2\/pages\/2216\/revisions"}],"predecessor-version":[{"id":2217,"href":"https:\/\/www.libertemh3.fr\/index.php?rest_route=\/wp\/v2\/pages\/2216\/revisions\/2217"}],"up":[{"embeddable":true,"href":"https:\/\/www.libertemh3.fr\/index.php?rest_route=\/wp\/v2\/pages\/98"}],"wp:attachment":[{"href":"https:\/\/www.libertemh3.fr\/index.php?rest_route=%2Fwp%2Fv2%2Fmedia&parent=2216"}],"curies":[{"name":"wp","href":"https:\/\/api.w.org\/{rel}","templated":true}]}}