{"id":2171,"date":"2018-07-30T16:01:56","date_gmt":"2018-07-30T15:01:56","guid":{"rendered":"http:\/\/www.libertemh3.fr\/?page_id=2171"},"modified":"2018-07-30T16:02:30","modified_gmt":"2018-07-30T15:02:30","slug":"badges-entree-immeuble-parking","status":"publish","type":"page","link":"https:\/\/www.libertemh3.fr\/?page_id=2171","title":{"rendered":"Badges immeuble \/ Parking"},"content":{"rendered":"<p dir=\"LTR\">Gestion des Badges (bip) pour l\u2019acc\u00e8s aux cages d&#8217;escaliers et aux parkings :<\/p>\n<p dir=\"LTR\"><span lang=\"fr\">&#8211; <strong>Perte<\/strong> du badge :&nbsp; un courrier expliquant la perte avec le num\u00e9ro du badge<\/span><span lang=\"fr\"> (si possible)<\/span><span lang=\"fr\"> accompagnant le r\u00e8glement de 15 euros par ch\u00e8que \u00e0 l\u2019ordre du<\/span><span lang=\"fr\"> &#8220;SDC<\/span><span lang=\"fr\"> le libert\u00e9 mh3&#8243;.&nbsp; Le badge perdu sera neutralis\u00e9 pour des questions de s\u00e9curit\u00e9.<br \/>\n<\/span><\/p>\n<p dir=\"LTR\"><span lang=\"fr\"><span style=\"font-family: Calibri;\">&#8211; <strong>Achat<\/strong> : fournir le r\u00e8glement de 15 euros par ch\u00e8que \u00e0 l\u2019ordre du &#8220;SDC le libert\u00e9 mh3&#8221;. Le badge ne pourra \u00eatre fournis que dans la limite de capacit\u00e9 du logement et selon les r\u00e8glement de coprori\u00e9t\u00e9.<br \/>\n<\/span><\/span><\/p>\n<p dir=\"LTR\">Dans tous les cas, <strong>un d\u00e9lai est n\u00e9cessaire<\/strong> pour effectuer les op\u00e9rations de v\u00e9rifications n\u00e9cessaires.<\/p>\n<p dir=\"LTR\">Un justificatif de propri\u00e9t\u00e9 sera r\u00e9clam\u00e9 pour ces proc\u00e9dures.<\/p>\n<p dir=\"LTR\">&nbsp;<\/p>\n","protected":false},"excerpt":{"rendered":"<p>Gestion des Badges (bip) pour l\u2019acc\u00e8s aux cages d&#8217;escaliers et aux parkings : &#8211; Perte du badge :&nbsp; un courrier expliquant la perte avec le num\u00e9ro du badge (si possible) accompagnant le r\u00e8glement de 15 euros par ch\u00e8que \u00e0 l\u2019ordre &hellip; <a href=\"https:\/\/www.libertemh3.fr\/?page_id=2171\">Continuer la lecture <span class=\"meta-nav\">&rarr;<\/span><\/a><\/p>\n","protected":false},"author":1,"featured_media":0,"parent":98,"menu_order":0,"comment_status":"closed","ping_status":"closed","template":"","meta":{"om_disable_all_campaigns":false,"_monsterinsights_skip_tracking":false,"_monsterinsights_sitenote_active":false,"_monsterinsights_sitenote_note":"","_monsterinsights_sitenote_category":0,"_uf_show_specific_survey":0,"_uf_disable_surveys":false,"ngg_post_thumbnail":0,"footnotes":""},"class_list":["post-2171","page","type-page","status-publish","hentry"],"aioseo_notices":[],"_links":{"self":[{"href":"https:\/\/www.libertemh3.fr\/index.php?rest_route=\/wp\/v2\/pages\/2171","targetHints":{"allow":["GET"]}}],"collection":[{"href":"https:\/\/www.libertemh3.fr\/index.php?rest_route=\/wp\/v2\/pages"}],"about":[{"href":"https:\/\/www.libertemh3.fr\/index.php?rest_route=\/wp\/v2\/types\/page"}],"author":[{"embeddable":true,"href":"https:\/\/www.libertemh3.fr\/index.php?rest_route=\/wp\/v2\/users\/1"}],"replies":[{"embeddable":true,"href":"https:\/\/www.libertemh3.fr\/index.php?rest_route=%2Fwp%2Fv2%2Fcomments&post=2171"}],"version-history":[{"count":2,"href":"https:\/\/www.libertemh3.fr\/index.php?rest_route=\/wp\/v2\/pages\/2171\/revisions"}],"predecessor-version":[{"id":2173,"href":"https:\/\/www.libertemh3.fr\/index.php?rest_route=\/wp\/v2\/pages\/2171\/revisions\/2173"}],"up":[{"embeddable":true,"href":"https:\/\/www.libertemh3.fr\/index.php?rest_route=\/wp\/v2\/pages\/98"}],"wp:attachment":[{"href":"https:\/\/www.libertemh3.fr\/index.php?rest_route=%2Fwp%2Fv2%2Fmedia&parent=2171"}],"curies":[{"name":"wp","href":"https:\/\/api.w.org\/{rel}","templated":true}]}}