{"id":21,"date":"2009-03-11T21:59:27","date_gmt":"2009-03-11T20:59:27","guid":{"rendered":"http:\/\/www.libertemh3.fr\/?page_id=21"},"modified":"2026-03-17T18:02:27","modified_gmt":"2026-03-17T17:02:27","slug":"encombrants","status":"publish","type":"page","link":"https:\/\/www.libertemh3.fr\/?page_id=21","title":{"rendered":"Encombrants"},"content":{"rendered":"<p>A <span style=\"text-decoration: underline;\">d\u00e9poser<strong> la veille<\/strong> au plus tard avant 12h<\/span> dans les locaux pr\u00e9vus \u00e0 cet effet.<\/p>\n<p><span style=\"text-decoration: underline;\"><strong>Ce qui est pris par les \u00e9boueurs :<\/strong><\/span><\/p>\n<ul>\n<li>Petit et gros \u00e9lectrom\u00e9nager, mobilier, literie.<\/li>\n<li>D\u00e9chets v\u00e9g\u00e9taux en fagots ou en sacs.<\/li>\n<li>Ballon d\u2019eau chaude <span style=\"text-decoration: underline;\">inf\u00e9rieur <\/span>\u00e0 1 m.<\/li>\n<\/ul>\n<p><strong>Ce qui doit \u00eatre \u00e9vacu\u00e9 <span style=\"text-decoration: underline;\">par les r\u00e9sidents eux-m\u00eame<\/span> :<\/strong><\/p>\n<ul>\n<li>Gravats, sacs ciment, mat\u00e9riaux de <span style=\"text-decoration: underline;\">construction <\/span>(y compris menuiserie et terre).<\/li>\n<li>Moteurs et carcasses de voiture, pneus, bois de grosse section (tronc d\u2019arbres, palettes, madriers, bastaings).<\/li>\n<li>Produits liquides inflammables, toxiques.<\/li>\n<\/ul>\n<p>En dehors des dates, la d\u00e9chetterie de Nanterre est \u00e0 votre disposition.<\/p>\n<p>Pour de plus amples informations :<br \/>\n<span style=\"color: #0000ff;\"><a href=\"http:\/\/www.nanterre.fr\/Je+consulte\/DemarcheMairie\/D\u00e9chetterie\/\"><span style=\"color: #0000ff;\">http:\/\/www.nanterre.fr\/Je+consulte\/DemarcheMairie\/D\u00e9chetterie\/<\/span><\/a><\/span><\/p>\n<p><span style=\"color: #0000ff;\"><a href=\"http:\/\/www.nanterre.fr\/Developpements\/Environnement\/dechets\/Lieu-Service.htm\">http:\/\/www.nanterre.fr\/Developpements\/Environnement\/dechets\/Lieu-Service.htm<\/a><\/span><\/p>\n","protected":false},"excerpt":{"rendered":"<p>A d\u00e9poser la veille au plus tard avant 12h dans les locaux pr\u00e9vus \u00e0 cet effet. Ce qui est pris par les \u00e9boueurs : Petit et gros \u00e9lectrom\u00e9nager, mobilier, literie. D\u00e9chets v\u00e9g\u00e9taux en fagots ou en sacs. Ballon d\u2019eau chaude &hellip; <a href=\"https:\/\/www.libertemh3.fr\/?page_id=21\">Continuer la lecture <span class=\"meta-nav\">&rarr;<\/span><\/a><\/p>\n","protected":false},"author":1,"featured_media":0,"parent":98,"menu_order":2,"comment_status":"closed","ping_status":"closed","template":"","meta":{"om_disable_all_campaigns":false,"_monsterinsights_skip_tracking":false,"_monsterinsights_sitenote_active":false,"_monsterinsights_sitenote_note":"","_monsterinsights_sitenote_category":0,"_uf_show_specific_survey":0,"_uf_disable_surveys":false,"ngg_post_thumbnail":0,"footnotes":""},"class_list":["post-21","page","type-page","status-publish","hentry"],"aioseo_notices":[],"_links":{"self":[{"href":"https:\/\/www.libertemh3.fr\/index.php?rest_route=\/wp\/v2\/pages\/21","targetHints":{"allow":["GET"]}}],"collection":[{"href":"https:\/\/www.libertemh3.fr\/index.php?rest_route=\/wp\/v2\/pages"}],"about":[{"href":"https:\/\/www.libertemh3.fr\/index.php?rest_route=\/wp\/v2\/types\/page"}],"author":[{"embeddable":true,"href":"https:\/\/www.libertemh3.fr\/index.php?rest_route=\/wp\/v2\/users\/1"}],"replies":[{"embeddable":true,"href":"https:\/\/www.libertemh3.fr\/index.php?rest_route=%2Fwp%2Fv2%2Fcomments&post=21"}],"version-history":[{"count":28,"href":"https:\/\/www.libertemh3.fr\/index.php?rest_route=\/wp\/v2\/pages\/21\/revisions"}],"predecessor-version":[{"id":2810,"href":"https:\/\/www.libertemh3.fr\/index.php?rest_route=\/wp\/v2\/pages\/21\/revisions\/2810"}],"up":[{"embeddable":true,"href":"https:\/\/www.libertemh3.fr\/index.php?rest_route=\/wp\/v2\/pages\/98"}],"wp:attachment":[{"href":"https:\/\/www.libertemh3.fr\/index.php?rest_route=%2Fwp%2Fv2%2Fmedia&parent=21"}],"curies":[{"name":"wp","href":"https:\/\/api.w.org\/{rel}","templated":true}]}}