{"id":132,"date":"2009-04-08T20:30:49","date_gmt":"2009-04-08T19:30:49","guid":{"rendered":"http:\/\/www.libertemh3.fr\/?page_id=132"},"modified":"2014-02-09T15:51:06","modified_gmt":"2014-02-09T14:51:06","slug":"historique-mh3","status":"publish","type":"page","link":"https:\/\/www.libertemh3.fr\/?page_id=132","title":{"rendered":"Historique MH3"},"content":{"rendered":"<p>A l&#8217;\u00e9poque o\u00f9 le quartier du parc n&#8217;\u00e9tait d\u00e9sign\u00e9 que par &#8220;Le point M&#8221;, tout un projet de tours et b\u00e2timents d&#8217;habitations, des commerces, routes, et b\u00e2timents publics germent&#8230;<\/p>\n<p>La s\u00e9rie de b\u00e2timents d&#8217;habitations &#8220;MH&#8221; sortent du sol (MH2\/3\/7\/1).<\/p>\n<p>Le MH6 est abandonn\u00e9 au profit de Central parc un peu plus tard. Les MH4 et 5 ne verront jamais le jours et seront remplac\u00e9s plus tard par d&#8217;autres projet de moindre envergure.<\/p>\n<p>Plan du quartier non dat\u00e9, \u00e0 notre les immeubles abandonn\u00e9es, l\u2019h\u00e9liport et la tour lumi\u00e8re, la maison de la culture qui n&#8217;ont pas vu le jour.<\/p>\n<div id=\"attachment_1406\" style=\"width: 310px\" class=\"wp-caption alignnone\"><a href=\"https:\/\/www.libertemh3.fr\/wp-content\/uploads\/2009\/04\/plan-autour-du-parc-001.jpg\"><img loading=\"lazy\" decoding=\"async\" aria-describedby=\"caption-attachment-1406\" class=\"size-medium wp-image-1406\" alt=\"768Ko\" src=\"https:\/\/www.libertemh3.fr\/wp-content\/uploads\/2009\/04\/plan-autour-du-parc-001-300x238.jpg\" width=\"300\" height=\"238\" srcset=\"https:\/\/www.libertemh3.fr\/wp-content\/uploads\/2009\/04\/plan-autour-du-parc-001-300x238.jpg 300w, https:\/\/www.libertemh3.fr\/wp-content\/uploads\/2009\/04\/plan-autour-du-parc-001-1024x813.jpg 1024w, https:\/\/www.libertemh3.fr\/wp-content\/uploads\/2009\/04\/plan-autour-du-parc-001-900x715.jpg 900w\" sizes=\"auto, (max-width: 300px) 100vw, 300px\" \/><\/a><p id=\"caption-attachment-1406\" class=\"wp-caption-text\">768Ko<\/p><\/div>\n<p>Vue du quartier, depuis l&#8217;esplanade Charles de Gaulle, Dessin d&#8217;architecte.\u00a0Le d\u00e9tail \u00e0 noter, la pr\u00e9sence en arri\u00e8re plan d&#8217;une passerelle pi\u00e9ton. Ces passerelles devaient relier tous les immeubles jusqu&#8217;au RER, quasiment comment la d\u00e9fense. Derniers vestiges, nos galeries pi\u00e9tonnes (Vallona, Libert\u00e9, \u00c9galit\u00e9, Fraternit\u00e9) et l\u2019acc\u00e8s \u00e0 l\u2019h\u00f4tel Itin\u00e9raires. (Jpg &#8211; 293Ko)<\/p>\n<p><a href=\"https:\/\/www.libertemh3.fr\/wp-content\/uploads\/2009\/04\/vers-le-rer-001.jpg\"><img loading=\"lazy\" decoding=\"async\" class=\"alignnone size-medium wp-image-1409\" alt=\"vers le rer\" src=\"https:\/\/www.libertemh3.fr\/wp-content\/uploads\/2009\/04\/vers-le-rer-001-300x222.jpg\" width=\"300\" height=\"222\" srcset=\"https:\/\/www.libertemh3.fr\/wp-content\/uploads\/2009\/04\/vers-le-rer-001-300x222.jpg 300w, https:\/\/www.libertemh3.fr\/wp-content\/uploads\/2009\/04\/vers-le-rer-001-1024x760.jpg 1024w, https:\/\/www.libertemh3.fr\/wp-content\/uploads\/2009\/04\/vers-le-rer-001-900x668.jpg 900w, https:\/\/www.libertemh3.fr\/wp-content\/uploads\/2009\/04\/vers-le-rer-001.jpg 1232w\" sizes=\"auto, (max-width: 300px) 100vw, 300px\" \/><\/a><\/p>\n<p>&nbsp;<\/p>\n<p>Images du cadre de vie dans le quartier, peu de temps apr\u00e8s les constructions. (Jpg &#8211; 724 &amp; 809Ko)<\/p>\n<p><a href=\"https:\/\/www.libertemh3.fr\/wp-content\/uploads\/2009\/04\/cadre-de-vie-\u00e9poque-001.jpg\"><img loading=\"lazy\" decoding=\"async\" class=\"alignnone size-medium wp-image-1410\" alt=\"cadre de vie \u00e9poque 001\" src=\"https:\/\/www.libertemh3.fr\/wp-content\/uploads\/2009\/04\/cadre-de-vie-\u00e9poque-001-222x300.jpg\" width=\"222\" height=\"300\" srcset=\"https:\/\/www.libertemh3.fr\/wp-content\/uploads\/2009\/04\/cadre-de-vie-\u00e9poque-001-222x300.jpg 222w, https:\/\/www.libertemh3.fr\/wp-content\/uploads\/2009\/04\/cadre-de-vie-\u00e9poque-001-759x1024.jpg 759w, https:\/\/www.libertemh3.fr\/wp-content\/uploads\/2009\/04\/cadre-de-vie-\u00e9poque-001-900x1213.jpg 900w, https:\/\/www.libertemh3.fr\/wp-content\/uploads\/2009\/04\/cadre-de-vie-\u00e9poque-001.jpg 1268w\" sizes=\"auto, (max-width: 222px) 100vw, 222px\" \/><\/a> \u00a0 <a href=\"https:\/\/www.libertemh3.fr\/wp-content\/uploads\/2009\/04\/cadre-de-vie-\u00e9poque-002.jpg\"><img loading=\"lazy\" decoding=\"async\" class=\"alignnone size-medium wp-image-1411\" alt=\"cadre de vie \u00e9poque 002\" src=\"https:\/\/www.libertemh3.fr\/wp-content\/uploads\/2009\/04\/cadre-de-vie-\u00e9poque-002-218x300.jpg\" width=\"218\" height=\"300\" srcset=\"https:\/\/www.libertemh3.fr\/wp-content\/uploads\/2009\/04\/cadre-de-vie-\u00e9poque-002-218x300.jpg 218w, https:\/\/www.libertemh3.fr\/wp-content\/uploads\/2009\/04\/cadre-de-vie-\u00e9poque-002-744x1024.jpg 744w, https:\/\/www.libertemh3.fr\/wp-content\/uploads\/2009\/04\/cadre-de-vie-\u00e9poque-002-900x1237.jpg 900w, https:\/\/www.libertemh3.fr\/wp-content\/uploads\/2009\/04\/cadre-de-vie-\u00e9poque-002.jpg 1246w\" sizes=\"auto, (max-width: 218px) 100vw, 218px\" \/><\/a><\/p>\n<p>Dessins sur la r\u00e9flexion globale sur le quartier (habitations, bureaux, parking), et commentaires de J.Kaliz : (JPG 364, 246 &amp; 401Ko)<\/p>\n<p><a href=\"https:\/\/www.libertemh3.fr\/wp-content\/uploads\/2009\/04\/plan-quartier-001.jpg\"><img loading=\"lazy\" decoding=\"async\" class=\"alignnone size-medium wp-image-1412\" alt=\"plan quartier 001\" src=\"https:\/\/www.libertemh3.fr\/wp-content\/uploads\/2009\/04\/plan-quartier-001-232x300.jpg\" width=\"232\" height=\"300\" srcset=\"https:\/\/www.libertemh3.fr\/wp-content\/uploads\/2009\/04\/plan-quartier-001-232x300.jpg 232w, https:\/\/www.libertemh3.fr\/wp-content\/uploads\/2009\/04\/plan-quartier-001-793x1024.jpg 793w, https:\/\/www.libertemh3.fr\/wp-content\/uploads\/2009\/04\/plan-quartier-001-900x1160.jpg 900w, https:\/\/www.libertemh3.fr\/wp-content\/uploads\/2009\/04\/plan-quartier-001.jpg 1249w\" sizes=\"auto, (max-width: 232px) 100vw, 232px\" \/><\/a>\u00a0 <a href=\"https:\/\/www.libertemh3.fr\/wp-content\/uploads\/2009\/04\/plan-quartier-002.jpg\"><img loading=\"lazy\" decoding=\"async\" class=\"alignnone size-medium wp-image-1413\" alt=\"plan quartier 002\" src=\"https:\/\/www.libertemh3.fr\/wp-content\/uploads\/2009\/04\/plan-quartier-002-196x300.jpg\" width=\"196\" height=\"300\" srcset=\"https:\/\/www.libertemh3.fr\/wp-content\/uploads\/2009\/04\/plan-quartier-002-196x300.jpg 196w, https:\/\/www.libertemh3.fr\/wp-content\/uploads\/2009\/04\/plan-quartier-002-669x1024.jpg 669w, https:\/\/www.libertemh3.fr\/wp-content\/uploads\/2009\/04\/plan-quartier-002.jpg 791w\" sizes=\"auto, (max-width: 196px) 100vw, 196px\" \/><\/a>\u00a0 <a href=\"https:\/\/www.libertemh3.fr\/wp-content\/uploads\/2009\/04\/plan-quartier-003.jpg\"><img loading=\"lazy\" decoding=\"async\" class=\"alignnone size-medium wp-image-1414\" alt=\"plan quartier 003\" src=\"https:\/\/www.libertemh3.fr\/wp-content\/uploads\/2009\/04\/plan-quartier-003-300x151.jpg\" width=\"300\" height=\"151\" srcset=\"https:\/\/www.libertemh3.fr\/wp-content\/uploads\/2009\/04\/plan-quartier-003-300x151.jpg 300w, https:\/\/www.libertemh3.fr\/wp-content\/uploads\/2009\/04\/plan-quartier-003-1024x518.jpg 1024w, https:\/\/www.libertemh3.fr\/wp-content\/uploads\/2009\/04\/plan-quartier-003-900x455.jpg 900w, https:\/\/www.libertemh3.fr\/wp-content\/uploads\/2009\/04\/plan-quartier-003.jpg 1673w\" sizes=\"auto, (max-width: 300px) 100vw, 300px\" \/><\/a><\/p>\n<p>Plan de la d\u00e9fense \/ Nanterre pr\u00e9fecture en juin 1977 : (JPG 824ko)<\/p>\n<p><a href=\"https:\/\/www.libertemh3.fr\/wp-content\/uploads\/2009\/04\/plan-defense-1977-003.jpg\"><img loading=\"lazy\" decoding=\"async\" class=\"alignnone size-medium wp-image-1417\" alt=\"plan defense 1977 003\" src=\"https:\/\/www.libertemh3.fr\/wp-content\/uploads\/2009\/04\/plan-defense-1977-003-300x187.jpg\" width=\"300\" height=\"187\" srcset=\"https:\/\/www.libertemh3.fr\/wp-content\/uploads\/2009\/04\/plan-defense-1977-003-300x187.jpg 300w, https:\/\/www.libertemh3.fr\/wp-content\/uploads\/2009\/04\/plan-defense-1977-003-1024x639.jpg 1024w, https:\/\/www.libertemh3.fr\/wp-content\/uploads\/2009\/04\/plan-defense-1977-003-900x562.jpg 900w\" sizes=\"auto, (max-width: 300px) 100vw, 300px\" \/><\/a><\/p>\n<p>Retrouv\u00e9 dans les archives d&#8217;un r\u00e9sident du MH3, voici la plaquette de vente des appartements (1976 &#8211; version pdf\u00a0 &#8211; 1.36 mo) :<\/p>\n<p><a href=\"https:\/\/www.libertemh3.fr\/wp-content\/uploads\/2009\/04\/plaquette-vente-liberte-mh3.pdf\" target=\"_blank\"><img loading=\"lazy\" decoding=\"async\" class=\"size-full wp-image-133 alignnone\" title=\"plaquette-liberte-150\" alt=\"plaquette-liberte-150\" src=\"https:\/\/www.libertemh3.fr\/wp-content\/uploads\/2009\/04\/plaquette-liberte-001b_150.jpg\" width=\"116\" height=\"150\" \/><\/a><\/p>\n<p>Et la publicit\u00e9 dans le Figaro datant du 17 octobre 1974 &#8211; (JPG &#8211; 1.49 mo ) :<\/p>\n<p><a href=\"https:\/\/www.libertemh3.fr\/wp-content\/uploads\/2009\/04\/figaro.jpg\" target=\"_blank\"><img loading=\"lazy\" decoding=\"async\" class=\"size-medium wp-image-142\" title=\"figaro1\" alt=\"figaro1\" src=\"https:\/\/www.libertemh3.fr\/wp-content\/uploads\/2009\/04\/figaro1-215x300.jpg\" width=\"215\" height=\"300\" srcset=\"https:\/\/www.libertemh3.fr\/wp-content\/uploads\/2009\/04\/figaro1-215x300.jpg 215w, https:\/\/www.libertemh3.fr\/wp-content\/uploads\/2009\/04\/figaro1-736x1024.jpg 736w\" sizes=\"auto, (max-width: 215px) 100vw, 215px\" \/><\/a><\/p>\n<p>Autre brochure : (JPG &#8211; 389ko, 411Ko &amp; 794ko)<\/p>\n<p><a href=\"https:\/\/www.libertemh3.fr\/wp-content\/uploads\/2009\/04\/BROCHURE-LE-LIBERTE-001.jpg\"><img loading=\"lazy\" decoding=\"async\" class=\"alignnone size-medium wp-image-1407\" alt=\"BROCHURE LE LIBERTE\" src=\"https:\/\/www.libertemh3.fr\/wp-content\/uploads\/2009\/04\/BROCHURE-LE-LIBERTE-001-212x300.jpg\" width=\"212\" height=\"300\" srcset=\"https:\/\/www.libertemh3.fr\/wp-content\/uploads\/2009\/04\/BROCHURE-LE-LIBERTE-001-212x300.jpg 212w, https:\/\/www.libertemh3.fr\/wp-content\/uploads\/2009\/04\/BROCHURE-LE-LIBERTE-001-725x1024.jpg 725w, https:\/\/www.libertemh3.fr\/wp-content\/uploads\/2009\/04\/BROCHURE-LE-LIBERTE-001-900x1270.jpg 900w, https:\/\/www.libertemh3.fr\/wp-content\/uploads\/2009\/04\/BROCHURE-LE-LIBERTE-001.jpg 1229w\" sizes=\"auto, (max-width: 212px) 100vw, 212px\" \/><\/a> <a href=\"https:\/\/www.libertemh3.fr\/wp-content\/uploads\/2009\/04\/BROCHURE-LE-LIBERTE-002.jpg\"><img loading=\"lazy\" decoding=\"async\" class=\"alignnone size-medium wp-image-1408\" alt=\"BROCHURE LE LIBERTE\" src=\"https:\/\/www.libertemh3.fr\/wp-content\/uploads\/2009\/04\/BROCHURE-LE-LIBERTE-002-222x300.jpg\" width=\"222\" height=\"300\" srcset=\"https:\/\/www.libertemh3.fr\/wp-content\/uploads\/2009\/04\/BROCHURE-LE-LIBERTE-002-222x300.jpg 222w, https:\/\/www.libertemh3.fr\/wp-content\/uploads\/2009\/04\/BROCHURE-LE-LIBERTE-002-759x1024.jpg 759w, https:\/\/www.libertemh3.fr\/wp-content\/uploads\/2009\/04\/BROCHURE-LE-LIBERTE-002-900x1213.jpg 900w, https:\/\/www.libertemh3.fr\/wp-content\/uploads\/2009\/04\/BROCHURE-LE-LIBERTE-002.jpg 1229w\" sizes=\"auto, (max-width: 222px) 100vw, 222px\" \/><\/a> <a href=\"https:\/\/www.libertemh3.fr\/wp-content\/uploads\/2009\/04\/BROCHURE-LE-LIBERTE-003.jpg\"><img loading=\"lazy\" decoding=\"async\" class=\"alignnone size-medium wp-image-1415\" alt=\"BROCHURE LE LIBERTE 003\" src=\"https:\/\/www.libertemh3.fr\/wp-content\/uploads\/2009\/04\/BROCHURE-LE-LIBERTE-003-300x190.jpg\" width=\"300\" height=\"190\" srcset=\"https:\/\/www.libertemh3.fr\/wp-content\/uploads\/2009\/04\/BROCHURE-LE-LIBERTE-003-300x190.jpg 300w, https:\/\/www.libertemh3.fr\/wp-content\/uploads\/2009\/04\/BROCHURE-LE-LIBERTE-003-1024x649.jpg 1024w, https:\/\/www.libertemh3.fr\/wp-content\/uploads\/2009\/04\/BROCHURE-LE-LIBERTE-003-900x571.jpg 900w\" sizes=\"auto, (max-width: 300px) 100vw, 300px\" \/><\/a><\/p>\n<p>Une autre plaquette de promotion de l&#8217;immeuble (1976 &#8211; version pdf\u00a0 &#8211; 2.41 mo) :<\/p>\n<p><a href=\"https:\/\/www.libertemh3.fr\/wp-content\/uploads\/2009\/04\/plaquette-vente-liberte.pdf\"><img loading=\"lazy\" decoding=\"async\" class=\"size-medium wp-image-211\" title=\"doc-liberte-vente-001\" alt=\"doc-liberte-vente-001\" src=\"https:\/\/www.libertemh3.fr\/wp-content\/uploads\/2009\/04\/doc-liberte-vente-001-300x212.jpg\" width=\"300\" height=\"212\" srcset=\"https:\/\/www.libertemh3.fr\/wp-content\/uploads\/2009\/04\/doc-liberte-vente-001-300x212.jpg 300w, https:\/\/www.libertemh3.fr\/wp-content\/uploads\/2009\/04\/doc-liberte-vente-001-1023x725.jpg 1023w, https:\/\/www.libertemh3.fr\/wp-content\/uploads\/2009\/04\/doc-liberte-vente-001.jpg 1745w\" sizes=\"auto, (max-width: 300px) 100vw, 300px\" \/><\/a><\/p>\n<p>La pochette du dossier de copropri\u00e9t\u00e9 d&#8217;\u00e9poque (source &#8211; p\u00e8re blajux &#8211; JPG 1.37mo) :<\/p>\n<p><a href=\"https:\/\/www.libertemh3.fr\/wp-content\/uploads\/2009\/04\/pochette-dossier-de-copropri\u00e9t\u00e9.jpg\"><img loading=\"lazy\" decoding=\"async\" class=\"alignnone size-medium wp-image-598\" title=\"pochette dossier de copropri\u00e9t\u00e9\" alt=\"\" src=\"https:\/\/www.libertemh3.fr\/wp-content\/uploads\/2009\/04\/pochette-dossier-de-copropri\u00e9t\u00e9-208x300.jpg\" width=\"208\" height=\"300\" srcset=\"https:\/\/www.libertemh3.fr\/wp-content\/uploads\/2009\/04\/pochette-dossier-de-copropri\u00e9t\u00e9-208x300.jpg 208w, https:\/\/www.libertemh3.fr\/wp-content\/uploads\/2009\/04\/pochette-dossier-de-copropri\u00e9t\u00e9-710x1024.jpg 710w\" sizes=\"auto, (max-width: 208px) 100vw, 208px\" \/><\/a><\/p>\n<p>Autre pochette de dossier de copropri\u00e9t\u00e9 d&#8217;\u00e9poque (source &#8211; p\u00e8re blajux &#8211; JPG 1.09mo) :<\/p>\n<p><a href=\"https:\/\/www.libertemh3.fr\/wp-content\/uploads\/2009\/04\/pochette-dossier-de-copropri\u00e9t\u00e9-2.jpg\"><img loading=\"lazy\" decoding=\"async\" class=\"alignnone size-medium wp-image-601\" title=\"pochette dossier de copropri\u00e9t\u00e9 2\" alt=\"\" src=\"https:\/\/www.libertemh3.fr\/wp-content\/uploads\/2009\/04\/pochette-dossier-de-copropri\u00e9t\u00e9-2-219x300.jpg\" width=\"219\" height=\"300\" srcset=\"https:\/\/www.libertemh3.fr\/wp-content\/uploads\/2009\/04\/pochette-dossier-de-copropri\u00e9t\u00e9-2-219x300.jpg 219w, https:\/\/www.libertemh3.fr\/wp-content\/uploads\/2009\/04\/pochette-dossier-de-copropri\u00e9t\u00e9-2-748x1023.jpg 748w\" sizes=\"auto, (max-width: 219px) 100vw, 219px\" \/><\/a><\/p>\n","protected":false},"excerpt":{"rendered":"<p>A l&#8217;\u00e9poque o\u00f9 le quartier du parc n&#8217;\u00e9tait d\u00e9sign\u00e9 que par &#8220;Le point M&#8221;, tout un projet de tours et b\u00e2timents d&#8217;habitations, des commerces, routes, et b\u00e2timents publics germent&#8230; La s\u00e9rie de b\u00e2timents d&#8217;habitations &#8220;MH&#8221; sortent du sol (MH2\/3\/7\/1). Le &hellip; <a href=\"https:\/\/www.libertemh3.fr\/?page_id=132\">Continuer la lecture <span class=\"meta-nav\">&rarr;<\/span><\/a><\/p>\n","protected":false},"author":1,"featured_media":0,"parent":0,"menu_order":5,"comment_status":"open","ping_status":"open","template":"","meta":{"om_disable_all_campaigns":false,"_monsterinsights_skip_tracking":false,"_monsterinsights_sitenote_active":false,"_monsterinsights_sitenote_note":"","_monsterinsights_sitenote_category":0,"_uf_show_specific_survey":0,"_uf_disable_surveys":false,"ngg_post_thumbnail":0,"footnotes":""},"class_list":["post-132","page","type-page","status-publish","hentry"],"aioseo_notices":[],"_links":{"self":[{"href":"https:\/\/www.libertemh3.fr\/index.php?rest_route=\/wp\/v2\/pages\/132","targetHints":{"allow":["GET"]}}],"collection":[{"href":"https:\/\/www.libertemh3.fr\/index.php?rest_route=\/wp\/v2\/pages"}],"about":[{"href":"https:\/\/www.libertemh3.fr\/index.php?rest_route=\/wp\/v2\/types\/page"}],"author":[{"embeddable":true,"href":"https:\/\/www.libertemh3.fr\/index.php?rest_route=\/wp\/v2\/users\/1"}],"replies":[{"embeddable":true,"href":"https:\/\/www.libertemh3.fr\/index.php?rest_route=%2Fwp%2Fv2%2Fcomments&post=132"}],"version-history":[{"count":25,"href":"https:\/\/www.libertemh3.fr\/index.php?rest_route=\/wp\/v2\/pages\/132\/revisions"}],"predecessor-version":[{"id":209,"href":"https:\/\/www.libertemh3.fr\/index.php?rest_route=\/wp\/v2\/pages\/132\/revisions\/209"}],"wp:attachment":[{"href":"https:\/\/www.libertemh3.fr\/index.php?rest_route=%2Fwp%2Fv2%2Fmedia&parent=132"}],"curies":[{"name":"wp","href":"https:\/\/api.w.org\/{rel}","templated":true}]}}