{"id":1191,"date":"2013-01-26T22:15:54","date_gmt":"2013-01-26T21:15:54","guid":{"rendered":"http:\/\/www.libertemh3.fr\/?page_id=1191"},"modified":"2018-05-08T21:45:16","modified_gmt":"2018-05-08T20:45:16","slug":"gros-travaux-fermeture-loggia","status":"publish","type":"page","link":"https:\/\/www.libertemh3.fr\/?page_id=1191","title":{"rendered":"Travaux (Fen\u00eatres, loggia&#8230;)"},"content":{"rendered":"<p>Les gros travaux doivent \u00eatre approuv\u00e9s en AG :&nbsp; Loggias, ouverture de murs porteurs.<\/p>\n<p>Le formulaire pour b\u00e2tir votre dossier sur les loggias est \u00e0 t\u00e9l\u00e9charger<a title=\"travaux privatifs fermeture de loggia\" href=\"https:\/\/www.libertemh3.fr\/wp-content\/uploads\/2013\/01\/MH3_Liberte_fermeture_loggia_regles_2017.pdf\" target=\"_blank\" rel=\"noopener noreferrer\"><strong> ici<\/strong><\/a>.<\/p>\n<p>&#8212;&#8212;&#8212;&#8212;&#8212;&#8212;&#8212;&#8212;&#8212;&#8212;&#8212;&#8212;&#8212;&#8212;&#8212;&#8212;&#8212;&#8212;&#8212;&#8212;&#8212;&#8212;&#8212;&#8212;<\/p>\n<p>Les fen\u00eatres :<\/p>\n<div class=\"post-bodycopy clearfix\">\n<p>Si vous souhaitez remplacer vos fen\u00eatres par du double vitrage, voici les r\u00e8gles \u00e0 respecter :<\/p>\n<ol>\n<li>Transmission du <strong>dossier<\/strong> de demande au conseil syndical pour <strong>accord<\/strong>.<\/li>\n<li><strong>Respect<\/strong> de l\u2019esth\u00e9tique ext\u00e9rieure, des couleurs (norme).<\/li>\n<li>Vous \u00eates <strong>responsable<\/strong> de l\u2019\u00e9vacuation des d\u00e9chets par l\u2019entreprise. Pas de d\u00e9p\u00f4t aux encombrants des gravats.<\/li>\n<\/ol>\n<p>Merci de vous conformer \u00e0 ces directives, et si besoin contactez le r\u00e9gisseur.<\/p>\n<p>Dossier <a href=\"https:\/\/www.libertemh3.fr\/wp-content\/uploads\/2013\/01\/MH3LeLiberte_remplacement_fenetres_conditions_20171.pdf\">ici<\/a>(pdf 710 ko)<\/p>\n<p><strong>Les fen\u00eatres en bois<\/strong> : (RAL 2049 sur nuancier SIGMA) rouge basque pour le b\u00e2timent 1 (grand).<\/p>\n<\/div>\n<p>&#8212;&#8212;&#8212;&#8212;&#8212;&#8212;&#8212;&#8212;&#8212;&#8212;&#8212;&#8212;&#8212;&#8212;&#8212;&#8212;&#8212;&#8212;&#8212;&#8212;&#8212;&#8212;&#8212;&#8212;<\/p>\n<p>Pour notre ensemble immobilier des coloris existent concernant:<\/p>\n<p><strong>Les stores: <\/strong><\/p>\n<ul>\n<li>1 type gamme classique \u00e0 rayure altern\u00e9e blanche (RAL n\u00b0 9010) et gris (RAL n\u00b0 7004).<\/li>\n<li>2 type gamme unis de teinte jaune uni (RAL 1018).<\/li>\n<\/ul>\n<p><strong>Les fen\u00eatres en bois<\/strong> : (RAL 2049 sur nuancier SIGMA) rouge basque pour le b\u00e2timent 1 (grand).<\/p>\n<p>&nbsp;<\/p>\n","protected":false},"excerpt":{"rendered":"<p>Les gros travaux doivent \u00eatre approuv\u00e9s en AG :&nbsp; Loggias, ouverture de murs porteurs. Le formulaire pour b\u00e2tir votre dossier sur les loggias est \u00e0 t\u00e9l\u00e9charger ici. &#8212;&#8212;&#8212;&#8212;&#8212;&#8212;&#8212;&#8212;&#8212;&#8212;&#8212;&#8212;&#8212;&#8212;&#8212;&#8212;&#8212;&#8212;&#8212;&#8212;&#8212;&#8212;&#8212;&#8212; Les fen\u00eatres : Si vous souhaitez remplacer vos fen\u00eatres par du double &hellip; <a href=\"https:\/\/www.libertemh3.fr\/?page_id=1191\">Continuer la lecture <span class=\"meta-nav\">&rarr;<\/span><\/a><\/p>\n","protected":false},"author":1,"featured_media":0,"parent":98,"menu_order":3,"comment_status":"open","ping_status":"closed","template":"","meta":{"om_disable_all_campaigns":false,"_monsterinsights_skip_tracking":false,"_monsterinsights_sitenote_active":false,"_monsterinsights_sitenote_note":"","_monsterinsights_sitenote_category":0,"_uf_show_specific_survey":0,"_uf_disable_surveys":false,"ngg_post_thumbnail":0,"footnotes":""},"class_list":["post-1191","page","type-page","status-publish","hentry"],"aioseo_notices":[],"_links":{"self":[{"href":"https:\/\/www.libertemh3.fr\/index.php?rest_route=\/wp\/v2\/pages\/1191","targetHints":{"allow":["GET"]}}],"collection":[{"href":"https:\/\/www.libertemh3.fr\/index.php?rest_route=\/wp\/v2\/pages"}],"about":[{"href":"https:\/\/www.libertemh3.fr\/index.php?rest_route=\/wp\/v2\/types\/page"}],"author":[{"embeddable":true,"href":"https:\/\/www.libertemh3.fr\/index.php?rest_route=\/wp\/v2\/users\/1"}],"replies":[{"embeddable":true,"href":"https:\/\/www.libertemh3.fr\/index.php?rest_route=%2Fwp%2Fv2%2Fcomments&post=1191"}],"version-history":[{"count":5,"href":"https:\/\/www.libertemh3.fr\/index.php?rest_route=\/wp\/v2\/pages\/1191\/revisions"}],"predecessor-version":[{"id":2109,"href":"https:\/\/www.libertemh3.fr\/index.php?rest_route=\/wp\/v2\/pages\/1191\/revisions\/2109"}],"up":[{"embeddable":true,"href":"https:\/\/www.libertemh3.fr\/index.php?rest_route=\/wp\/v2\/pages\/98"}],"wp:attachment":[{"href":"https:\/\/www.libertemh3.fr\/index.php?rest_route=%2Fwp%2Fv2%2Fmedia&parent=1191"}],"curies":[{"name":"wp","href":"https:\/\/api.w.org\/{rel}","templated":true}]}}