{"id":11,"date":"2009-03-09T21:57:21","date_gmt":"2009-03-09T20:57:21","guid":{"rendered":"http:\/\/www.libertemh3.fr\/?page_id=11"},"modified":"2017-08-08T10:28:43","modified_gmt":"2017-08-08T09:28:43","slug":"bricolage","status":"publish","type":"page","link":"https:\/\/www.libertemh3.fr\/?page_id=11","title":{"rendered":"Bruit et Bricolage"},"content":{"rendered":"<h3>Le bon usage :<\/h3>\n<p style=\"TEXT-ALIGN: justify\">Il y a des horaires \u00e0 respecter pour le bruit occasionn\u00e9 par des machines outils, ou tout autre source de bruit important.<br \/>\nRappel pour les travaux momentan\u00e9s de bricolage r\u00e9alis\u00e9s \u00e0 l\u2019aide d\u2019outils ou d\u2019appareils susceptibles de causer une g\u00eane pour le voisinage en raison de leur dur\u00e9e , de leur r\u00e9p\u00e9tition ou de leur intensit\u00e9 tels que perceuses, raboteuses, ou scies m\u00e9caniques ne peuvent \u00eatre effectu\u00e9s que :<\/p>\n<ul>\n<li>Les jours ouvrables: \u00a0\u00a0\u00a0 \u00a0\u00a0\u00a0\u00a0\u00a0\u00a0\u00a0\u00a0\u00a0\u00a0\u00a0\u00a0\u00a0\u00a0\u00a0\u00a0\u00a0\u00a0 de 8h \u00e0 12h et de 14h30 \u00e0 19h30.<\/li>\n<li>Les samedis :\u00a0\u00a0\u00a0\u00a0\u00a0\u00a0\u00a0\u00a0\u00a0\u00a0\u00a0\u00a0\u00a0\u00a0\u00a0\u00a0\u00a0\u00a0\u00a0\u00a0\u00a0\u00a0\u00a0\u00a0\u00a0\u00a0\u00a0\u00a0\u00a0\u00a0\u00a0\u00a0\u00a0\u00a0\u00a0\u00a0\u00a0 \u00a0de 9h \u00e0 12h et de 15h \u00e0 19h.<\/li>\n<li>Les dimanches et jours f\u00e9ri\u00e9s: \u00a0\u00a0\u00a0 de 10h \u00e0 12h<\/li>\n<\/ul>\n<p style=\"TEXT-ALIGN: justify\">Les gravats sont \u00e0 \u00e9vacuer vers les d\u00e9charges municipales ou autres et non pas dans les poubelles de l\u2019immeuble par le propri\u00e9taire ou l\u2019entreprise qui ex\u00e9cutent les travaux.<br \/>\nIl est aussi conseill\u00e9 de bien vouloir nettoyer les couloirs lorsque l\u2019on met des salissures sur la moquette.<\/p>\n<p style=\"TEXT-ALIGN: justify\">La soci\u00e9t\u00e9 de nettoyage n\u2019est pas la pour faire le m\u00e9nage des r\u00e9sidants ind\u00e9licats.<\/p>\n<p>Informations sur la d\u00e9chetterie de nanterre :<br \/>\n<a href=\"http:\/\/www.nanterre.fr\/Je+consulte\/DemarcheMairie\/D\u00e9chetterie\/\"><span style=\"color: #0000ff;\">http:\/\/www.nanterre.fr\/Je+consulte\/DemarcheMairie\/D\u00e9chetterie\/<\/span><\/a><\/p>\n<p><a href=\"http:\/\/www.nanterre.fr\/Developpements\/Environnement\/dechets\/Lieu-Service.htm\">http:\/\/www.nanterre.fr\/Developpements\/Environnement\/dechets\/Lieu-Service.htm<\/a><\/p>\n","protected":false},"excerpt":{"rendered":"<p>Le bon usage : Il y a des horaires \u00e0 respecter pour le bruit occasionn\u00e9 par des machines outils, ou tout autre source de bruit important. Rappel pour les travaux momentan\u00e9s de bricolage r\u00e9alis\u00e9s \u00e0 l\u2019aide d\u2019outils ou d\u2019appareils susceptibles &hellip; <a href=\"https:\/\/www.libertemh3.fr\/?page_id=11\">Continuer la lecture <span class=\"meta-nav\">&rarr;<\/span><\/a><\/p>\n","protected":false},"author":1,"featured_media":0,"parent":98,"menu_order":1,"comment_status":"closed","ping_status":"closed","template":"","meta":{"om_disable_all_campaigns":false,"_monsterinsights_skip_tracking":false,"_monsterinsights_sitenote_active":false,"_monsterinsights_sitenote_note":"","_monsterinsights_sitenote_category":0,"_uf_show_specific_survey":0,"_uf_disable_surveys":false,"ngg_post_thumbnail":0,"footnotes":""},"class_list":["post-11","page","type-page","status-publish","hentry"],"aioseo_notices":[],"_links":{"self":[{"href":"https:\/\/www.libertemh3.fr\/index.php?rest_route=\/wp\/v2\/pages\/11","targetHints":{"allow":["GET"]}}],"collection":[{"href":"https:\/\/www.libertemh3.fr\/index.php?rest_route=\/wp\/v2\/pages"}],"about":[{"href":"https:\/\/www.libertemh3.fr\/index.php?rest_route=\/wp\/v2\/types\/page"}],"author":[{"embeddable":true,"href":"https:\/\/www.libertemh3.fr\/index.php?rest_route=\/wp\/v2\/users\/1"}],"replies":[{"embeddable":true,"href":"https:\/\/www.libertemh3.fr\/index.php?rest_route=%2Fwp%2Fv2%2Fcomments&post=11"}],"version-history":[{"count":14,"href":"https:\/\/www.libertemh3.fr\/index.php?rest_route=\/wp\/v2\/pages\/11\/revisions"}],"predecessor-version":[{"id":374,"href":"https:\/\/www.libertemh3.fr\/index.php?rest_route=\/wp\/v2\/pages\/11\/revisions\/374"}],"up":[{"embeddable":true,"href":"https:\/\/www.libertemh3.fr\/index.php?rest_route=\/wp\/v2\/pages\/98"}],"wp:attachment":[{"href":"https:\/\/www.libertemh3.fr\/index.php?rest_route=%2Fwp%2Fv2%2Fmedia&parent=11"}],"curies":[{"name":"wp","href":"https:\/\/api.w.org\/{rel}","templated":true}]}}