{"id":1081,"date":"2012-02-23T22:35:59","date_gmt":"2012-02-23T21:35:59","guid":{"rendered":"http:\/\/www.libertemh3.fr\/?page_id=1081"},"modified":"2024-10-25T17:02:24","modified_gmt":"2024-10-25T16:02:24","slug":"fibre-optique-et-adsl","status":"publish","type":"page","link":"https:\/\/www.libertemh3.fr\/?page_id=1081","title":{"rendered":"FIBRE OPTIQUE et ADSL"},"content":{"rendered":"<p><strong>Fibre optique :<\/strong><\/p>\n<p>Les op\u00e9rateurs devront faire une <strong>demande<\/strong> de travaux (Dossier \u00e0 retirer \u00e0 la loge des gardiens ou aupr\u00e8s du r\u00e9gisseur).<\/p>\n<p>Le respect de la <strong>proc\u00e9dure<\/strong> \u00e9tablie est <strong>imp\u00e9ratif<\/strong>.<\/p>\n<ul>\n<li>En tant que donneur d&#8217;ordre, vous \u00eates <strong>responsable<\/strong> des travaux mal r\u00e9alis\u00e9s par l&#8217;op\u00e9rateur.<\/li>\n<\/ul>\n<p style=\"padding-left: 30px;\">-&gt;Les frais de remise en \u00e9tat vous serons <strong>imput\u00e9s<\/strong>.<\/p>\n<p>&nbsp;<strong>PROC\u00c9DURE RACCORDEMENT<\/strong> : <a href=\"https:\/\/www.libertemh3.fr\/wp-content\/uploads\/2012\/02\/Proc\u00e9dure-fibre-optique.png\"><img loading=\"lazy\" decoding=\"async\" class=\"alignnone wp-image-1840 size-thumbnail\" src=\"https:\/\/www.libertemh3.fr\/wp-content\/uploads\/2012\/02\/Proc\u00e9dure-fibre-optique-150x150.png\" alt=\"Proc\u00e9dure fibre optique\" width=\"150\" height=\"150\" srcset=\"https:\/\/www.libertemh3.fr\/wp-content\/uploads\/2012\/02\/Proc\u00e9dure-fibre-optique-150x150.png 150w, https:\/\/www.libertemh3.fr\/wp-content\/uploads\/2012\/02\/Proc\u00e9dure-fibre-optique-144x144.png 144w\" sizes=\"auto, (max-width: 150px) 100vw, 150px\" \/><\/a><\/p>\n<p>Int\u00e9ress\u00e9s par la fibre ?<\/p>\n<p>Contactez l&#8217;op\u00e9rateur que vous souhaitez, et demandez lui s&#8217;il envisage d&#8217;effectuer le raccordement \u00e0 l&#8217;immeuble.<\/p>\n<p>Un doute, une question : <a href=\"https:\/\/www.libertemh3.fr\/wp-content\/uploads\/2009\/04\/admin-libertemh3.jpg\"><img loading=\"lazy\" decoding=\"async\" class=\"alignnone size-full wp-image-159\" title=\"admin-libertemh3\" src=\"https:\/\/www.libertemh3.fr\/wp-content\/uploads\/2009\/04\/admin-libertemh3.jpg\" alt=\"\" width=\"190\" height=\"29\"><\/a><\/p>\n<hr>\n<p>Commercialis\u00e9 depuis 07\/2012, premiers raccordements en 09\/2012.<\/p>\n<p>&nbsp;<\/p>\n","protected":false},"excerpt":{"rendered":"<p>Fibre optique : Les op\u00e9rateurs devront faire une demande de travaux (Dossier \u00e0 retirer \u00e0 la loge des gardiens ou aupr\u00e8s du r\u00e9gisseur). Le respect de la proc\u00e9dure \u00e9tablie est imp\u00e9ratif. En tant que donneur d&#8217;ordre, vous \u00eates responsable des &hellip; <a href=\"https:\/\/www.libertemh3.fr\/?page_id=1081\">Continuer la lecture <span class=\"meta-nav\">&rarr;<\/span><\/a><\/p>\n","protected":false},"author":1,"featured_media":0,"parent":98,"menu_order":4,"comment_status":"open","ping_status":"closed","template":"","meta":{"om_disable_all_campaigns":false,"_monsterinsights_skip_tracking":false,"_monsterinsights_sitenote_active":false,"_monsterinsights_sitenote_note":"","_monsterinsights_sitenote_category":0,"_uf_show_specific_survey":0,"_uf_disable_surveys":false,"ngg_post_thumbnail":0,"footnotes":""},"class_list":["post-1081","page","type-page","status-publish","hentry"],"aioseo_notices":[],"_links":{"self":[{"href":"https:\/\/www.libertemh3.fr\/index.php?rest_route=\/wp\/v2\/pages\/1081","targetHints":{"allow":["GET"]}}],"collection":[{"href":"https:\/\/www.libertemh3.fr\/index.php?rest_route=\/wp\/v2\/pages"}],"about":[{"href":"https:\/\/www.libertemh3.fr\/index.php?rest_route=\/wp\/v2\/types\/page"}],"author":[{"embeddable":true,"href":"https:\/\/www.libertemh3.fr\/index.php?rest_route=\/wp\/v2\/users\/1"}],"replies":[{"embeddable":true,"href":"https:\/\/www.libertemh3.fr\/index.php?rest_route=%2Fwp%2Fv2%2Fcomments&post=1081"}],"version-history":[{"count":8,"href":"https:\/\/www.libertemh3.fr\/index.php?rest_route=\/wp\/v2\/pages\/1081\/revisions"}],"predecessor-version":[{"id":2693,"href":"https:\/\/www.libertemh3.fr\/index.php?rest_route=\/wp\/v2\/pages\/1081\/revisions\/2693"}],"up":[{"embeddable":true,"href":"https:\/\/www.libertemh3.fr\/index.php?rest_route=\/wp\/v2\/pages\/98"}],"wp:attachment":[{"href":"https:\/\/www.libertemh3.fr\/index.php?rest_route=%2Fwp%2Fv2%2Fmedia&parent=1081"}],"curies":[{"name":"wp","href":"https:\/\/api.w.org\/{rel}","templated":true}]}}